{"id":5454,"date":"2020-11-24T22:16:16","date_gmt":"2020-11-24T22:16:16","guid":{"rendered":"http:\/\/cckcentroamerica.com\/?page_id=5454"},"modified":"2020-11-24T22:16:16","modified_gmt":"2020-11-24T22:16:16","slug":"research-2021-cck","status":"publish","type":"page","link":"https:\/\/cckcentroamerica.com\/en\/research-2021-cck\/","title":{"rendered":"Research 2021 CCK"},"content":{"rendered":"<div data-elementor-type=\"wp-page\" data-elementor-id=\"5454\" class=\"elementor elementor-5454\" data-elementor-post-type=\"page\">\n\t\t\t\t\t\t\t\t\t<section class=\"elementor-section elementor-top-section elementor-element elementor-element-6e2836e elementor-section-boxed elementor-section-height-default elementor-section-height-default\" data-id=\"6e2836e\" data-element_type=\"section\" data-settings=\"{&quot;jet_parallax_layout_list&quot;:[]}\">\n\t\t\t\t\t\t<div class=\"elementor-container elementor-column-gap-default\">\n\t\t\t\t\t<div class=\"elementor-column elementor-col-100 elementor-top-column elementor-element elementor-element-d3ef274\" data-id=\"d3ef274\" data-element_type=\"column\">\n\t\t\t<div class=\"elementor-widget-wrap elementor-element-populated\">\n\t\t\t\t\t\t\t\t<div class=\"elementor-element elementor-element-fe87ea8 elementor-widget elementor-widget-html\" data-id=\"fe87ea8\" data-element_type=\"widget\" data-widget_type=\"html.default\">\n\t\t\t\t<div class=\"elementor-widget-container\">\n\t\t\t<iframe src=\"https:\/\/docs.google.com\/forms\/d\/e\/1FAIpQLSdKNrEib0Cwzi7zHqH0O76D1wmiwEZ8-A8OoZKPw8iXHAr6_Q\/viewform?embedded=true\" width=\"640\" height=\"1250\" frameborder=\"0\" marginheight=\"0\" marginwidth=\"0\">Cargando\u2026<\/iframe>\t\t<\/div>\n\t\t\t\t<\/div>\n\t\t\t\t\t<\/div>\n\t\t<\/div>\n\t\t\t\t\t\t\t<\/div>\n\t\t<\/section>\n\t\t\t\t\t\t\t<\/div>","protected":false},"excerpt":{"rendered":"<p>Cargando\u2026<\/p>","protected":false},"author":4,"featured_media":0,"parent":0,"menu_order":0,"comment_status":"closed","ping_status":"closed","template":"","meta":{"footnotes":""},"class_list":["post-5454","page","type-page","status-publish","hentry"],"yoast_head":"<!-- This site is optimized with the Yoast SEO plugin v24.7 - https:\/\/yoast.com\/wordpress\/plugins\/seo\/ -->\n<title>Research CCK 2021<\/title>\n<meta name=\"description\" content=\"Queremos saber qu\u00e9 opinas de nosotros. Ay\u00fadanos con estas preguntas cortas y te agradeceremos hasta el infinito.\" \/>\n<meta name=\"robots\" content=\"index, follow, max-snippet:-1, max-image-preview:large, max-video-preview:-1\" \/>\n<link rel=\"canonical\" href=\"https:\/\/cckcentroamerica.com\/en\/research-2021-cck\/\" \/>\n<meta property=\"og:locale\" content=\"en_US\" \/>\n<meta property=\"og:type\" content=\"article\" \/>\n<meta property=\"og:title\" content=\"Research CCK 2021\" \/>\n<meta property=\"og:description\" content=\"Queremos saber qu\u00e9 opinas de nosotros. Ay\u00fadanos con estas preguntas cortas y te agradeceremos hasta el infinito.\" \/>\n<meta property=\"og:url\" content=\"https:\/\/cckcentroamerica.com\/en\/research-2021-cck\/\" \/>\n<meta property=\"og:site_name\" content=\"CCK | Comunicaci\u00f3n Corporativa Ketchum\" \/>\n<meta name=\"twitter:card\" content=\"summary_large_image\" \/>\n<script type=\"application\/ld+json\" class=\"yoast-schema-graph\">{\"@context\":\"https:\/\/schema.org\",\"@graph\":[{\"@type\":\"WebPage\",\"@id\":\"https:\/\/cckcentroamerica.com\/research-2021-cck\/\",\"url\":\"https:\/\/cckcentroamerica.com\/research-2021-cck\/\",\"name\":\"Research CCK 2021\",\"isPartOf\":{\"@id\":\"https:\/\/cckcentroamerica.com\/en\/#website\"},\"datePublished\":\"2020-11-24T22:16:16+00:00\",\"description\":\"Queremos saber qu\u00e9 opinas de nosotros. Ay\u00fadanos con estas preguntas cortas y te agradeceremos hasta el infinito.\",\"breadcrumb\":{\"@id\":\"https:\/\/cckcentroamerica.com\/research-2021-cck\/#breadcrumb\"},\"inLanguage\":\"en-US\",\"potentialAction\":[{\"@type\":\"ReadAction\",\"target\":[\"https:\/\/cckcentroamerica.com\/research-2021-cck\/\"]}]},{\"@type\":\"BreadcrumbList\",\"@id\":\"https:\/\/cckcentroamerica.com\/research-2021-cck\/#breadcrumb\",\"itemListElement\":[{\"@type\":\"ListItem\",\"position\":1,\"name\":\"Home\",\"item\":\"https:\/\/cckcentroamerica.com\/\"},{\"@type\":\"ListItem\",\"position\":2,\"name\":\"Research 2021 CCK\"}]},{\"@type\":\"WebSite\",\"@id\":\"https:\/\/cckcentroamerica.com\/en\/#website\",\"url\":\"https:\/\/cckcentroamerica.com\/en\/\",\"name\":\"CCK | Comunicaci\u00f3n Corporativa Ketchum\",\"description\":\"Agencia de comunicaci\u00f3n y relaciones publicas Centroam\u00e9rica\",\"potentialAction\":[{\"@type\":\"SearchAction\",\"target\":{\"@type\":\"EntryPoint\",\"urlTemplate\":\"https:\/\/cckcentroamerica.com\/en\/?s={search_term_string}\"},\"query-input\":{\"@type\":\"PropertyValueSpecification\",\"valueRequired\":true,\"valueName\":\"search_term_string\"}}],\"inLanguage\":\"en-US\"}]}<\/script>\n<!-- \/ Yoast SEO plugin. -->","yoast_head_json":{"title":"Research CCK 2021","description":"Queremos saber qu\u00e9 opinas de nosotros. Ay\u00fadanos con estas preguntas cortas y te agradeceremos hasta el infinito.","robots":{"index":"index","follow":"follow","max-snippet":"max-snippet:-1","max-image-preview":"max-image-preview:large","max-video-preview":"max-video-preview:-1"},"canonical":"https:\/\/cckcentroamerica.com\/en\/research-2021-cck\/","og_locale":"en_US","og_type":"article","og_title":"Research CCK 2021","og_description":"Queremos saber qu\u00e9 opinas de nosotros. Ay\u00fadanos con estas preguntas cortas y te agradeceremos hasta el infinito.","og_url":"https:\/\/cckcentroamerica.com\/en\/research-2021-cck\/","og_site_name":"CCK | Comunicaci\u00f3n Corporativa Ketchum","twitter_card":"summary_large_image","schema":{"@context":"https:\/\/schema.org","@graph":[{"@type":"WebPage","@id":"https:\/\/cckcentroamerica.com\/research-2021-cck\/","url":"https:\/\/cckcentroamerica.com\/research-2021-cck\/","name":"Research CCK 2021","isPartOf":{"@id":"https:\/\/cckcentroamerica.com\/en\/#website"},"datePublished":"2020-11-24T22:16:16+00:00","description":"Queremos saber qu\u00e9 opinas de nosotros. Ay\u00fadanos con estas preguntas cortas y te agradeceremos hasta el infinito.","breadcrumb":{"@id":"https:\/\/cckcentroamerica.com\/research-2021-cck\/#breadcrumb"},"inLanguage":"en-US","potentialAction":[{"@type":"ReadAction","target":["https:\/\/cckcentroamerica.com\/research-2021-cck\/"]}]},{"@type":"BreadcrumbList","@id":"https:\/\/cckcentroamerica.com\/research-2021-cck\/#breadcrumb","itemListElement":[{"@type":"ListItem","position":1,"name":"Home","item":"https:\/\/cckcentroamerica.com\/"},{"@type":"ListItem","position":2,"name":"Research 2021 CCK"}]},{"@type":"WebSite","@id":"https:\/\/cckcentroamerica.com\/en\/#website","url":"https:\/\/cckcentroamerica.com\/en\/","name":"CCK | Comunicaci\u00f3n Corporativa Ketchum","description":"Agencia de comunicaci\u00f3n y relaciones publicas Centroam\u00e9rica","potentialAction":[{"@type":"SearchAction","target":{"@type":"EntryPoint","urlTemplate":"https:\/\/cckcentroamerica.com\/en\/?s={search_term_string}"},"query-input":{"@type":"PropertyValueSpecification","valueRequired":true,"valueName":"search_term_string"}}],"inLanguage":"en-US"}]}},"_links":{"self":[{"href":"https:\/\/cckcentroamerica.com\/en\/wp-json\/wp\/v2\/pages\/5454","targetHints":{"allow":["GET"]}}],"collection":[{"href":"https:\/\/cckcentroamerica.com\/en\/wp-json\/wp\/v2\/pages"}],"about":[{"href":"https:\/\/cckcentroamerica.com\/en\/wp-json\/wp\/v2\/types\/page"}],"author":[{"embeddable":true,"href":"https:\/\/cckcentroamerica.com\/en\/wp-json\/wp\/v2\/users\/4"}],"replies":[{"embeddable":true,"href":"https:\/\/cckcentroamerica.com\/en\/wp-json\/wp\/v2\/comments?post=5454"}],"version-history":[{"count":0,"href":"https:\/\/cckcentroamerica.com\/en\/wp-json\/wp\/v2\/pages\/5454\/revisions"}],"wp:attachment":[{"href":"https:\/\/cckcentroamerica.com\/en\/wp-json\/wp\/v2\/media?parent=5454"}],"curies":[{"name":"wp","href":"https:\/\/api.w.org\/{rel}","templated":true}]}}