{"id":14966,"date":"2023-11-08T17:49:57","date_gmt":"2023-11-08T17:49:57","guid":{"rendered":"https:\/\/cckcentroamerica.com\/?page_id=14966"},"modified":"2023-11-08T20:35:27","modified_gmt":"2023-11-08T20:35:27","slug":"marketing-experiencial","status":"publish","type":"page","link":"https:\/\/cckcentroamerica.com\/en\/marketing-experiencial\/","title":{"rendered":"Marketing experiencial"},"content":{"rendered":"<div data-elementor-type=\"wp-page\" data-elementor-id=\"14966\" class=\"elementor elementor-14966\" data-elementor-post-type=\"page\">\n\t\t\t\t\t\t\t\t\t<section class=\"elementor-section elementor-top-section elementor-element elementor-element-5b81a74 elementor-section-height-min-height elementor-section-boxed elementor-section-height-default elementor-section-items-middle\" data-id=\"5b81a74\" data-element_type=\"section\" data-settings=\"{&quot;jet_parallax_layout_list&quot;:[],&quot;background_background&quot;:&quot;classic&quot;}\">\n\t\t\t\t\t\t<div class=\"elementor-container elementor-column-gap-no\">\n\t\t\t\t\t<div class=\"elementor-column elementor-col-100 elementor-top-column elementor-element elementor-element-4d0ae85\" data-id=\"4d0ae85\" data-element_type=\"column\">\n\t\t\t<div class=\"elementor-widget-wrap elementor-element-populated\">\n\t\t\t\t\t\t\t\t<div class=\"elementor-element elementor-element-22d0286 elementor-widget elementor-widget-text-editor\" data-id=\"22d0286\" data-element_type=\"widget\" data-widget_type=\"text-editor.default\">\n\t\t\t\t<div class=\"elementor-widget-container\">\n\t\t\t<style>\/*! elementor - v3.18.0 - 20-12-2023 *\/\n.elementor-widget-text-editor.elementor-drop-cap-view-stacked .elementor-drop-cap{background-color:#69727d;color:#fff}.elementor-widget-text-editor.elementor-drop-cap-view-framed .elementor-drop-cap{color:#69727d;border:3px solid;background-color:transparent}.elementor-widget-text-editor:not(.elementor-drop-cap-view-default) .elementor-drop-cap{margin-top:8px}.elementor-widget-text-editor:not(.elementor-drop-cap-view-default) .elementor-drop-cap-letter{width:1em;height:1em}.elementor-widget-text-editor .elementor-drop-cap{float:left;text-align:center;line-height:1;font-size:50px}.elementor-widget-text-editor .elementor-drop-cap-letter{display:inline-block}<\/style>\t\t\t\t\t\t\t\t\t\t<\/div>\n\t\t\t\t<\/div>\n\t\t\t\t<div class=\"elementor-element elementor-element-ec12670 elementor-widget elementor-widget-heading\" data-id=\"ec12670\" data-element_type=\"widget\" data-widget_type=\"heading.default\">\n\t\t\t\t<div class=\"elementor-widget-container\">\n\t\t\t<style>\/*! elementor - v3.18.0 - 20-12-2023 *\/\n.elementor-heading-title{padding:0;margin:0;line-height:1}.elementor-widget-heading .elementor-heading-title[class*=elementor-size-]>a{color:inherit;font-size:inherit;line-height:inherit}.elementor-widget-heading .elementor-heading-title.elementor-size-small{font-size:15px}.elementor-widget-heading .elementor-heading-title.elementor-size-medium{font-size:19px}.elementor-widget-heading .elementor-heading-title.elementor-size-large{font-size:29px}.elementor-widget-heading .elementor-heading-title.elementor-size-xl{font-size:39px}.elementor-widget-heading .elementor-heading-title.elementor-size-xxl{font-size:59px}<\/style><h2 class=\"elementor-heading-title elementor-size-default\">Marketing experiencial\n\n<\/h2>\t\t<\/div>\n\t\t\t\t<\/div>\n\t\t\t\t\t<\/div>\n\t\t<\/div>\n\t\t\t\t\t\t\t<\/div>\n\t\t<\/section>\n\t\t\t\t<section class=\"elementor-section elementor-top-section elementor-element elementor-element-cf497cb elementor-section-boxed elementor-section-height-default elementor-section-height-default\" data-id=\"cf497cb\" data-element_type=\"section\" data-settings=\"{&quot;jet_parallax_layout_list&quot;:[]}\">\n\t\t\t\t\t\t<div class=\"elementor-container elementor-column-gap-default\">\n\t\t\t\t\t<div class=\"elementor-column elementor-col-100 elementor-top-column elementor-element elementor-element-6c8c23b\" data-id=\"6c8c23b\" data-element_type=\"column\">\n\t\t\t<div class=\"elementor-widget-wrap elementor-element-populated\">\n\t\t\t\t\t\t\t\t<div class=\"elementor-element elementor-element-063f415 elementor-widget elementor-widget-text-editor\" data-id=\"063f415\" data-element_type=\"widget\" data-widget_type=\"text-editor.default\">\n\t\t\t\t<div class=\"elementor-widget-container\">\n\t\t\t\t\t\t\t<p>Every <b>interaction point between brands and their audiences<\/b> is an opportunity to generate <b>emotional connections<\/b>,be memorable and generate experiences that people can share with others.<\/p><p>Our <b>experiential marketing <\/b>services range from creative conceptualization to implementation, considering every detail.<\/p>\t\t\t\t\t\t<\/div>\n\t\t\t\t<\/div>\n\t\t\t\t<div class=\"elementor-element elementor-element-69cb017 elementor-widget elementor-widget-text-editor\" data-id=\"69cb017\" data-element_type=\"widget\" data-widget_type=\"text-editor.default\">\n\t\t\t\t<div class=\"elementor-widget-container\">\n\t\t\t\t\t\t\t<ul><li>Events<\/li><li>Brand activations<\/li><li>Kits<\/li><li>Immersive experiences<\/li><\/ul>\t\t\t\t\t\t<\/div>\n\t\t\t\t<\/div>\n\t\t\t\t\t<\/div>\n\t\t<\/div>\n\t\t\t\t\t\t\t<\/div>\n\t\t<\/section>\n\t\t\t\t\t\t\t<\/div>","protected":false},"excerpt":{"rendered":"<p>Marketing experiencial Cada espacio de interacci\u00f3n entre las marcas y sus audiencias es una oportunidad para generar conexiones emocionales, ser memorables y generar experiencias que las personas puedan compartir con los dem\u00e1s. Nuestros servicios de marketing experiencial van desde la conceptualizaci\u00f3n creativa hasta la implementaci\u00f3n, cuidando cada detalle. Eventos Activaciones de marca Kits Experiencias inmersivas<\/p>","protected":false},"author":4,"featured_media":0,"parent":0,"menu_order":0,"comment_status":"closed","ping_status":"closed","template":"","meta":{"footnotes":""},"class_list":["post-14966","page","type-page","status-publish","hentry"],"yoast_head":"<!-- This site is optimized with the Yoast SEO plugin v24.7 - https:\/\/yoast.com\/wordpress\/plugins\/seo\/ -->\n<title>Marketing experiencial - CCK | Comunicaci\u00f3n Corporativa Ketchum<\/title>\n<meta name=\"robots\" content=\"index, follow, max-snippet:-1, max-image-preview:large, max-video-preview:-1\" \/>\n<link rel=\"canonical\" href=\"https:\/\/cckcentroamerica.com\/en\/marketing-experiencial\/\" \/>\n<meta property=\"og:locale\" content=\"en_US\" \/>\n<meta property=\"og:type\" content=\"article\" \/>\n<meta property=\"og:title\" content=\"Marketing experiencial - CCK | Comunicaci\u00f3n Corporativa Ketchum\" \/>\n<meta property=\"og:description\" content=\"Marketing experiencial Cada espacio de interacci\u00f3n entre las marcas y sus audiencias es una oportunidad para generar conexiones emocionales, ser memorables y generar experiencias que las personas puedan compartir con los dem\u00e1s. Nuestros servicios de marketing experiencial van desde la conceptualizaci\u00f3n creativa hasta la implementaci\u00f3n, cuidando cada detalle. Eventos Activaciones de marca Kits Experiencias inmersivas\" \/>\n<meta property=\"og:url\" content=\"https:\/\/cckcentroamerica.com\/en\/marketing-experiencial\/\" \/>\n<meta property=\"og:site_name\" content=\"CCK | Comunicaci\u00f3n Corporativa Ketchum\" \/>\n<meta property=\"article:modified_time\" content=\"2023-11-08T20:35:27+00:00\" \/>\n<meta name=\"twitter:card\" content=\"summary_large_image\" \/>\n<script type=\"application\/ld+json\" class=\"yoast-schema-graph\">{\"@context\":\"https:\/\/schema.org\",\"@graph\":[{\"@type\":\"WebPage\",\"@id\":\"https:\/\/cckcentroamerica.com\/marketing-experiencial\/\",\"url\":\"https:\/\/cckcentroamerica.com\/marketing-experiencial\/\",\"name\":\"Marketing experiencial - CCK | Comunicaci\u00f3n Corporativa Ketchum\",\"isPartOf\":{\"@id\":\"https:\/\/cckcentroamerica.com\/en\/#website\"},\"datePublished\":\"2023-11-08T17:49:57+00:00\",\"dateModified\":\"2023-11-08T20:35:27+00:00\",\"breadcrumb\":{\"@id\":\"https:\/\/cckcentroamerica.com\/marketing-experiencial\/#breadcrumb\"},\"inLanguage\":\"en-US\",\"potentialAction\":[{\"@type\":\"ReadAction\",\"target\":[\"https:\/\/cckcentroamerica.com\/marketing-experiencial\/\"]}]},{\"@type\":\"BreadcrumbList\",\"@id\":\"https:\/\/cckcentroamerica.com\/marketing-experiencial\/#breadcrumb\",\"itemListElement\":[{\"@type\":\"ListItem\",\"position\":1,\"name\":\"Home\",\"item\":\"https:\/\/cckcentroamerica.com\/\"},{\"@type\":\"ListItem\",\"position\":2,\"name\":\"Marketing experiencial\"}]},{\"@type\":\"WebSite\",\"@id\":\"https:\/\/cckcentroamerica.com\/en\/#website\",\"url\":\"https:\/\/cckcentroamerica.com\/en\/\",\"name\":\"CCK | Comunicaci\u00f3n Corporativa Ketchum\",\"description\":\"Agencia de comunicaci\u00f3n y relaciones publicas Centroam\u00e9rica\",\"potentialAction\":[{\"@type\":\"SearchAction\",\"target\":{\"@type\":\"EntryPoint\",\"urlTemplate\":\"https:\/\/cckcentroamerica.com\/en\/?s={search_term_string}\"},\"query-input\":{\"@type\":\"PropertyValueSpecification\",\"valueRequired\":true,\"valueName\":\"search_term_string\"}}],\"inLanguage\":\"en-US\"}]}<\/script>\n<!-- \/ Yoast SEO plugin. -->","yoast_head_json":{"title":"Marketing experiencial - CCK | Comunicaci\u00f3n Corporativa Ketchum","robots":{"index":"index","follow":"follow","max-snippet":"max-snippet:-1","max-image-preview":"max-image-preview:large","max-video-preview":"max-video-preview:-1"},"canonical":"https:\/\/cckcentroamerica.com\/en\/marketing-experiencial\/","og_locale":"en_US","og_type":"article","og_title":"Marketing experiencial - CCK | Comunicaci\u00f3n Corporativa Ketchum","og_description":"Marketing experiencial Cada espacio de interacci\u00f3n entre las marcas y sus audiencias es una oportunidad para generar conexiones emocionales, ser memorables y generar experiencias que las personas puedan compartir con los dem\u00e1s. Nuestros servicios de marketing experiencial van desde la conceptualizaci\u00f3n creativa hasta la implementaci\u00f3n, cuidando cada detalle. Eventos Activaciones de marca Kits Experiencias inmersivas","og_url":"https:\/\/cckcentroamerica.com\/en\/marketing-experiencial\/","og_site_name":"CCK | Comunicaci\u00f3n Corporativa Ketchum","article_modified_time":"2023-11-08T20:35:27+00:00","twitter_card":"summary_large_image","schema":{"@context":"https:\/\/schema.org","@graph":[{"@type":"WebPage","@id":"https:\/\/cckcentroamerica.com\/marketing-experiencial\/","url":"https:\/\/cckcentroamerica.com\/marketing-experiencial\/","name":"Marketing experiencial - CCK | Comunicaci\u00f3n Corporativa Ketchum","isPartOf":{"@id":"https:\/\/cckcentroamerica.com\/en\/#website"},"datePublished":"2023-11-08T17:49:57+00:00","dateModified":"2023-11-08T20:35:27+00:00","breadcrumb":{"@id":"https:\/\/cckcentroamerica.com\/marketing-experiencial\/#breadcrumb"},"inLanguage":"en-US","potentialAction":[{"@type":"ReadAction","target":["https:\/\/cckcentroamerica.com\/marketing-experiencial\/"]}]},{"@type":"BreadcrumbList","@id":"https:\/\/cckcentroamerica.com\/marketing-experiencial\/#breadcrumb","itemListElement":[{"@type":"ListItem","position":1,"name":"Home","item":"https:\/\/cckcentroamerica.com\/"},{"@type":"ListItem","position":2,"name":"Marketing experiencial"}]},{"@type":"WebSite","@id":"https:\/\/cckcentroamerica.com\/en\/#website","url":"https:\/\/cckcentroamerica.com\/en\/","name":"CCK | Comunicaci\u00f3n Corporativa Ketchum","description":"Agencia de comunicaci\u00f3n y relaciones publicas Centroam\u00e9rica","potentialAction":[{"@type":"SearchAction","target":{"@type":"EntryPoint","urlTemplate":"https:\/\/cckcentroamerica.com\/en\/?s={search_term_string}"},"query-input":{"@type":"PropertyValueSpecification","valueRequired":true,"valueName":"search_term_string"}}],"inLanguage":"en-US"}]}},"_links":{"self":[{"href":"https:\/\/cckcentroamerica.com\/en\/wp-json\/wp\/v2\/pages\/14966","targetHints":{"allow":["GET"]}}],"collection":[{"href":"https:\/\/cckcentroamerica.com\/en\/wp-json\/wp\/v2\/pages"}],"about":[{"href":"https:\/\/cckcentroamerica.com\/en\/wp-json\/wp\/v2\/types\/page"}],"author":[{"embeddable":true,"href":"https:\/\/cckcentroamerica.com\/en\/wp-json\/wp\/v2\/users\/4"}],"replies":[{"embeddable":true,"href":"https:\/\/cckcentroamerica.com\/en\/wp-json\/wp\/v2\/comments?post=14966"}],"version-history":[{"count":0,"href":"https:\/\/cckcentroamerica.com\/en\/wp-json\/wp\/v2\/pages\/14966\/revisions"}],"wp:attachment":[{"href":"https:\/\/cckcentroamerica.com\/en\/wp-json\/wp\/v2\/media?parent=14966"}],"curies":[{"name":"wp","href":"https:\/\/api.w.org\/{rel}","templated":true}]}}