{"id":13872,"date":"2023-09-08T16:49:20","date_gmt":"2023-09-08T16:49:20","guid":{"rendered":"https:\/\/cckcentroamerica.com\/?page_id=13872"},"modified":"2023-09-08T16:53:31","modified_gmt":"2023-09-08T16:53:31","slug":"reputacion-y-gestion-de-crisis-en-la-era-digital-thankyou","status":"publish","type":"page","link":"https:\/\/cckcentroamerica.com\/en\/reputacion-y-gestion-de-crisis-en-la-era-digital-thankyou\/","title":{"rendered":"Reputaci\u00f3n y Gesti\u00f3n de Crisis en la era digital Thankyou"},"content":{"rendered":"<div data-elementor-type=\"wp-page\" data-elementor-id=\"13872\" class=\"elementor elementor-13872\" data-elementor-post-type=\"page\">\n\t\t\t\t\t\t\t\t\t<section class=\"elementor-section elementor-top-section elementor-element elementor-element-166b0bb elementor-section-boxed elementor-section-height-default elementor-section-height-default elementor-invisible\" data-id=\"166b0bb\" data-element_type=\"section\" data-settings=\"{&quot;background_background&quot;:&quot;classic&quot;,&quot;animation&quot;:&quot;fadeInDown&quot;,&quot;jet_parallax_layout_list&quot;:[]}\">\n\t\t\t\t\t\t\t<div class=\"elementor-background-overlay\"><\/div>\n\t\t\t\t\t\t\t<div class=\"elementor-container elementor-column-gap-wider\">\n\t\t\t\t\t<div class=\"elementor-column elementor-col-100 elementor-top-column elementor-element elementor-element-3619d49\" data-id=\"3619d49\" data-element_type=\"column\">\n\t\t\t<div class=\"elementor-widget-wrap elementor-element-populated\">\n\t\t\t\t\t\t\t\t<div class=\"elementor-element elementor-element-af330f1 elementor-widget elementor-widget-heading\" data-id=\"af330f1\" data-element_type=\"widget\" data-settings=\"{&quot;_animation&quot;:&quot;none&quot;}\" data-widget_type=\"heading.default\">\n\t\t\t\t<div class=\"elementor-widget-container\">\n\t\t\t<style>\/*! elementor - v3.18.0 - 20-12-2023 *\/\n.elementor-heading-title{padding:0;margin:0;line-height:1}.elementor-widget-heading .elementor-heading-title[class*=elementor-size-]>a{color:inherit;font-size:inherit;line-height:inherit}.elementor-widget-heading .elementor-heading-title.elementor-size-small{font-size:15px}.elementor-widget-heading .elementor-heading-title.elementor-size-medium{font-size:19px}.elementor-widget-heading .elementor-heading-title.elementor-size-large{font-size:29px}.elementor-widget-heading .elementor-heading-title.elementor-size-xl{font-size:39px}.elementor-widget-heading .elementor-heading-title.elementor-size-xxl{font-size:59px}<\/style><h2 class=\"elementor-heading-title elementor-size-default\">Gracias, sus datos han sido enviados<\/h2>\t\t<\/div>\n\t\t\t\t<\/div>\n\t\t\t\t\t<\/div>\n\t\t<\/div>\n\t\t\t\t\t\t\t<\/div>\n\t\t<\/section>\n\t\t\t\t<section class=\"elementor-section elementor-top-section elementor-element elementor-element-71f661d elementor-section-full_width elementor-section-height-default elementor-section-height-default\" data-id=\"71f661d\" data-element_type=\"section\" data-settings=\"{&quot;background_background&quot;:&quot;classic&quot;,&quot;jet_parallax_layout_list&quot;:[]}\">\n\t\t\t\t\t\t<div class=\"elementor-container elementor-column-gap-wider\">\n\t\t\t\t\t<div class=\"elementor-column elementor-col-100 elementor-top-column elementor-element elementor-element-687ddbe\" data-id=\"687ddbe\" data-element_type=\"column\">\n\t\t\t<div class=\"elementor-widget-wrap elementor-element-populated\">\n\t\t\t\t\t\t\t\t<section class=\"elementor-section elementor-inner-section elementor-element elementor-element-b63218e elementor-section-boxed elementor-section-height-default elementor-section-height-default\" data-id=\"b63218e\" data-element_type=\"section\" data-settings=\"{&quot;jet_parallax_layout_list&quot;:[]}\">\n\t\t\t\t\t\t<div class=\"elementor-container elementor-column-gap-default\">\n\t\t\t\t\t<div class=\"elementor-column elementor-col-100 elementor-inner-column elementor-element elementor-element-3978fc4\" data-id=\"3978fc4\" data-element_type=\"column\">\n\t\t\t<div class=\"elementor-widget-wrap elementor-element-populated\">\n\t\t\t\t\t\t\t\t<div class=\"elementor-element elementor-element-b8f79d0 elementor-widget elementor-widget-text-editor\" data-id=\"b8f79d0\" data-element_type=\"widget\" data-widget_type=\"text-editor.default\">\n\t\t\t\t<div class=\"elementor-widget-container\">\n\t\t\t<style>\/*! elementor - v3.18.0 - 20-12-2023 *\/\n.elementor-widget-text-editor.elementor-drop-cap-view-stacked .elementor-drop-cap{background-color:#69727d;color:#fff}.elementor-widget-text-editor.elementor-drop-cap-view-framed .elementor-drop-cap{color:#69727d;border:3px solid;background-color:transparent}.elementor-widget-text-editor:not(.elementor-drop-cap-view-default) .elementor-drop-cap{margin-top:8px}.elementor-widget-text-editor:not(.elementor-drop-cap-view-default) .elementor-drop-cap-letter{width:1em;height:1em}.elementor-widget-text-editor .elementor-drop-cap{float:left;text-align:center;line-height:1;font-size:50px}.elementor-widget-text-editor .elementor-drop-cap-letter{display:inline-block}<\/style>\t\t\t\t\u00a9 Desde 1988\u00a0 &#8211; Comunicaci\u00f3n Corporativa de Centroam\u00e9rica. Todos los derechos reservados\t\t\t\t\t\t<\/div>\n\t\t\t\t<\/div>\n\t\t\t\t\t<\/div>\n\t\t<\/div>\n\t\t\t\t\t\t\t<\/div>\n\t\t<\/section>\n\t\t\t\t\t<\/div>\n\t\t<\/div>\n\t\t\t\t\t\t\t<\/div>\n\t\t<\/section>\n\t\t\t\t\t\t\t<\/div>","protected":false},"excerpt":{"rendered":"<p>Gracias, sus datos han sido enviados \u00a9 Desde 1988\u00a0 &#8211; Comunicaci\u00f3n Corporativa de Centroam\u00e9rica. Todos los derechos reservados<\/p>","protected":false},"author":4,"featured_media":0,"parent":0,"menu_order":0,"comment_status":"closed","ping_status":"closed","template":"elementor_canvas","meta":{"footnotes":""},"class_list":["post-13872","page","type-page","status-publish","hentry"],"yoast_head":"<!-- This site is optimized with the Yoast SEO plugin v24.7 - https:\/\/yoast.com\/wordpress\/plugins\/seo\/ -->\n<title>Comunicaci\u00f3n interna en tiempos de Pandemia<\/title>\n<meta name=\"description\" content=\"La crisis sanitaria del covid-19 nos ense\u00f1a que hoy no es el momento de vender, sino de informar y ofrecer soluciones, y qu\u00e9 mejor forma de hacerlo que empezar desde casa, mostr\u00e1ndole a cada una de las y los colaboradores que su organizaci\u00f3n se preocupa y trabaja por su bienestar. \u00bfYa cont\u00e1s con una estrategia de comunicaci\u00f3n interna adaptable al contexto virtual?\" \/>\n<meta name=\"robots\" content=\"index, follow, max-snippet:-1, max-image-preview:large, max-video-preview:-1\" \/>\n<link rel=\"canonical\" href=\"https:\/\/cckcentroamerica.com\/en\/reputacion-y-gestion-de-crisis-en-la-era-digital-thankyou\/\" \/>\n<meta property=\"og:locale\" content=\"en_US\" \/>\n<meta property=\"og:type\" content=\"article\" \/>\n<meta property=\"og:title\" content=\"Comunicaci\u00f3n interna en tiempos de Pandemia\" \/>\n<meta property=\"og:description\" content=\"La crisis sanitaria del covid-19 nos ense\u00f1a que hoy no es el momento de vender, sino de informar y ofrecer soluciones, y qu\u00e9 mejor forma de hacerlo que empezar desde casa, mostr\u00e1ndole a cada una de las y los colaboradores que su organizaci\u00f3n se preocupa y trabaja por su bienestar. \u00bfYa cont\u00e1s con una estrategia de comunicaci\u00f3n interna adaptable al contexto virtual?\" \/>\n<meta property=\"og:url\" content=\"https:\/\/cckcentroamerica.com\/en\/reputacion-y-gestion-de-crisis-en-la-era-digital-thankyou\/\" \/>\n<meta property=\"og:site_name\" content=\"CCK | Comunicaci\u00f3n Corporativa Ketchum\" \/>\n<meta property=\"article:modified_time\" content=\"2023-09-08T16:53:31+00:00\" \/>\n<meta name=\"twitter:card\" content=\"summary_large_image\" \/>\n<script type=\"application\/ld+json\" class=\"yoast-schema-graph\">{\"@context\":\"https:\/\/schema.org\",\"@graph\":[{\"@type\":\"WebPage\",\"@id\":\"https:\/\/cckcentroamerica.com\/reputacion-y-gestion-de-crisis-en-la-era-digital-thankyou\/\",\"url\":\"https:\/\/cckcentroamerica.com\/reputacion-y-gestion-de-crisis-en-la-era-digital-thankyou\/\",\"name\":\"Comunicaci\u00f3n interna en tiempos de Pandemia\",\"isPartOf\":{\"@id\":\"https:\/\/cckcentroamerica.com\/en\/#website\"},\"datePublished\":\"2023-09-08T16:49:20+00:00\",\"dateModified\":\"2023-09-08T16:53:31+00:00\",\"description\":\"La crisis sanitaria del covid-19 nos ense\u00f1a que hoy no es el momento de vender, sino de informar y ofrecer soluciones, y qu\u00e9 mejor forma de hacerlo que empezar desde casa, mostr\u00e1ndole a cada una de las y los colaboradores que su organizaci\u00f3n se preocupa y trabaja por su bienestar. \u00bfYa cont\u00e1s con una estrategia de comunicaci\u00f3n interna adaptable al contexto virtual?\",\"breadcrumb\":{\"@id\":\"https:\/\/cckcentroamerica.com\/reputacion-y-gestion-de-crisis-en-la-era-digital-thankyou\/#breadcrumb\"},\"inLanguage\":\"en-US\",\"potentialAction\":[{\"@type\":\"ReadAction\",\"target\":[\"https:\/\/cckcentroamerica.com\/reputacion-y-gestion-de-crisis-en-la-era-digital-thankyou\/\"]}]},{\"@type\":\"BreadcrumbList\",\"@id\":\"https:\/\/cckcentroamerica.com\/reputacion-y-gestion-de-crisis-en-la-era-digital-thankyou\/#breadcrumb\",\"itemListElement\":[{\"@type\":\"ListItem\",\"position\":1,\"name\":\"Home\",\"item\":\"https:\/\/cckcentroamerica.com\/\"},{\"@type\":\"ListItem\",\"position\":2,\"name\":\"Reputaci\u00f3n y Gesti\u00f3n de Crisis en la era digital Thankyou\"}]},{\"@type\":\"WebSite\",\"@id\":\"https:\/\/cckcentroamerica.com\/en\/#website\",\"url\":\"https:\/\/cckcentroamerica.com\/en\/\",\"name\":\"CCK | Comunicaci\u00f3n Corporativa Ketchum\",\"description\":\"Agencia de comunicaci\u00f3n y relaciones publicas Centroam\u00e9rica\",\"potentialAction\":[{\"@type\":\"SearchAction\",\"target\":{\"@type\":\"EntryPoint\",\"urlTemplate\":\"https:\/\/cckcentroamerica.com\/en\/?s={search_term_string}\"},\"query-input\":{\"@type\":\"PropertyValueSpecification\",\"valueRequired\":true,\"valueName\":\"search_term_string\"}}],\"inLanguage\":\"en-US\"}]}<\/script>\n<!-- \/ Yoast SEO plugin. -->","yoast_head_json":{"title":"Comunicaci\u00f3n interna en tiempos de Pandemia","description":"La crisis sanitaria del covid-19 nos ense\u00f1a que hoy no es el momento de vender, sino de informar y ofrecer soluciones, y qu\u00e9 mejor forma de hacerlo que empezar desde casa, mostr\u00e1ndole a cada una de las y los colaboradores que su organizaci\u00f3n se preocupa y trabaja por su bienestar. \u00bfYa cont\u00e1s con una estrategia de comunicaci\u00f3n interna adaptable al contexto virtual?","robots":{"index":"index","follow":"follow","max-snippet":"max-snippet:-1","max-image-preview":"max-image-preview:large","max-video-preview":"max-video-preview:-1"},"canonical":"https:\/\/cckcentroamerica.com\/en\/reputacion-y-gestion-de-crisis-en-la-era-digital-thankyou\/","og_locale":"en_US","og_type":"article","og_title":"Comunicaci\u00f3n interna en tiempos de Pandemia","og_description":"La crisis sanitaria del covid-19 nos ense\u00f1a que hoy no es el momento de vender, sino de informar y ofrecer soluciones, y qu\u00e9 mejor forma de hacerlo que empezar desde casa, mostr\u00e1ndole a cada una de las y los colaboradores que su organizaci\u00f3n se preocupa y trabaja por su bienestar. \u00bfYa cont\u00e1s con una estrategia de comunicaci\u00f3n interna adaptable al contexto virtual?","og_url":"https:\/\/cckcentroamerica.com\/en\/reputacion-y-gestion-de-crisis-en-la-era-digital-thankyou\/","og_site_name":"CCK | Comunicaci\u00f3n Corporativa Ketchum","article_modified_time":"2023-09-08T16:53:31+00:00","twitter_card":"summary_large_image","schema":{"@context":"https:\/\/schema.org","@graph":[{"@type":"WebPage","@id":"https:\/\/cckcentroamerica.com\/reputacion-y-gestion-de-crisis-en-la-era-digital-thankyou\/","url":"https:\/\/cckcentroamerica.com\/reputacion-y-gestion-de-crisis-en-la-era-digital-thankyou\/","name":"Comunicaci\u00f3n interna en tiempos de Pandemia","isPartOf":{"@id":"https:\/\/cckcentroamerica.com\/en\/#website"},"datePublished":"2023-09-08T16:49:20+00:00","dateModified":"2023-09-08T16:53:31+00:00","description":"La crisis sanitaria del covid-19 nos ense\u00f1a que hoy no es el momento de vender, sino de informar y ofrecer soluciones, y qu\u00e9 mejor forma de hacerlo que empezar desde casa, mostr\u00e1ndole a cada una de las y los colaboradores que su organizaci\u00f3n se preocupa y trabaja por su bienestar. \u00bfYa cont\u00e1s con una estrategia de comunicaci\u00f3n interna adaptable al contexto virtual?","breadcrumb":{"@id":"https:\/\/cckcentroamerica.com\/reputacion-y-gestion-de-crisis-en-la-era-digital-thankyou\/#breadcrumb"},"inLanguage":"en-US","potentialAction":[{"@type":"ReadAction","target":["https:\/\/cckcentroamerica.com\/reputacion-y-gestion-de-crisis-en-la-era-digital-thankyou\/"]}]},{"@type":"BreadcrumbList","@id":"https:\/\/cckcentroamerica.com\/reputacion-y-gestion-de-crisis-en-la-era-digital-thankyou\/#breadcrumb","itemListElement":[{"@type":"ListItem","position":1,"name":"Home","item":"https:\/\/cckcentroamerica.com\/"},{"@type":"ListItem","position":2,"name":"Reputaci\u00f3n y Gesti\u00f3n de Crisis en la era digital Thankyou"}]},{"@type":"WebSite","@id":"https:\/\/cckcentroamerica.com\/en\/#website","url":"https:\/\/cckcentroamerica.com\/en\/","name":"CCK | Comunicaci\u00f3n Corporativa Ketchum","description":"Agencia de comunicaci\u00f3n y relaciones publicas Centroam\u00e9rica","potentialAction":[{"@type":"SearchAction","target":{"@type":"EntryPoint","urlTemplate":"https:\/\/cckcentroamerica.com\/en\/?s={search_term_string}"},"query-input":{"@type":"PropertyValueSpecification","valueRequired":true,"valueName":"search_term_string"}}],"inLanguage":"en-US"}]}},"_links":{"self":[{"href":"https:\/\/cckcentroamerica.com\/en\/wp-json\/wp\/v2\/pages\/13872","targetHints":{"allow":["GET"]}}],"collection":[{"href":"https:\/\/cckcentroamerica.com\/en\/wp-json\/wp\/v2\/pages"}],"about":[{"href":"https:\/\/cckcentroamerica.com\/en\/wp-json\/wp\/v2\/types\/page"}],"author":[{"embeddable":true,"href":"https:\/\/cckcentroamerica.com\/en\/wp-json\/wp\/v2\/users\/4"}],"replies":[{"embeddable":true,"href":"https:\/\/cckcentroamerica.com\/en\/wp-json\/wp\/v2\/comments?post=13872"}],"version-history":[{"count":0,"href":"https:\/\/cckcentroamerica.com\/en\/wp-json\/wp\/v2\/pages\/13872\/revisions"}],"wp:attachment":[{"href":"https:\/\/cckcentroamerica.com\/en\/wp-json\/wp\/v2\/media?parent=13872"}],"curies":[{"name":"wp","href":"https:\/\/api.w.org\/{rel}","templated":true}]}}