{"id":12931,"date":"2023-08-18T01:23:59","date_gmt":"2023-08-18T01:23:59","guid":{"rendered":"https:\/\/cckcentroamerica.com\/?page_id=12931"},"modified":"2023-11-10T21:33:43","modified_gmt":"2023-11-10T21:33:43","slug":"creatividad","status":"publish","type":"page","link":"https:\/\/cckcentroamerica.com\/en\/creatividad\/","title":{"rendered":"Creativity"},"content":{"rendered":"<div data-elementor-type=\"wp-page\" data-elementor-id=\"12931\" class=\"elementor elementor-12931\" data-elementor-post-type=\"page\">\n\t\t\t\t\t\t\t\t\t<section class=\"elementor-section elementor-top-section elementor-element elementor-element-d25545a elementor-section-height-min-height elementor-section-boxed elementor-section-height-default elementor-section-items-middle\" data-id=\"d25545a\" data-element_type=\"section\" data-settings=\"{&quot;jet_parallax_layout_list&quot;:[],&quot;background_background&quot;:&quot;classic&quot;}\">\n\t\t\t\t\t\t<div class=\"elementor-container elementor-column-gap-no\">\n\t\t\t\t\t<div class=\"elementor-column elementor-col-100 elementor-top-column elementor-element elementor-element-2bc3a64\" data-id=\"2bc3a64\" data-element_type=\"column\">\n\t\t\t<div class=\"elementor-widget-wrap elementor-element-populated\">\n\t\t\t\t\t\t\t\t<div class=\"elementor-element elementor-element-bca9068 elementor-widget elementor-widget-text-editor\" data-id=\"bca9068\" data-element_type=\"widget\" data-widget_type=\"text-editor.default\">\n\t\t\t\t<div class=\"elementor-widget-container\">\n\t\t\t<style>\/*! elementor - v3.18.0 - 20-12-2023 *\/\n.elementor-widget-text-editor.elementor-drop-cap-view-stacked .elementor-drop-cap{background-color:#69727d;color:#fff}.elementor-widget-text-editor.elementor-drop-cap-view-framed .elementor-drop-cap{color:#69727d;border:3px solid;background-color:transparent}.elementor-widget-text-editor:not(.elementor-drop-cap-view-default) .elementor-drop-cap{margin-top:8px}.elementor-widget-text-editor:not(.elementor-drop-cap-view-default) .elementor-drop-cap-letter{width:1em;height:1em}.elementor-widget-text-editor .elementor-drop-cap{float:left;text-align:center;line-height:1;font-size:50px}.elementor-widget-text-editor .elementor-drop-cap-letter{display:inline-block}<\/style>\t\t\t\t\t\t\t\t\t\t<\/div>\n\t\t\t\t<\/div>\n\t\t\t\t<div class=\"elementor-element elementor-element-7afb87d elementor-widget elementor-widget-heading\" data-id=\"7afb87d\" data-element_type=\"widget\" data-widget_type=\"heading.default\">\n\t\t\t\t<div class=\"elementor-widget-container\">\n\t\t\t<style>\/*! elementor - v3.18.0 - 20-12-2023 *\/\n.elementor-heading-title{padding:0;margin:0;line-height:1}.elementor-widget-heading .elementor-heading-title[class*=elementor-size-]>a{color:inherit;font-size:inherit;line-height:inherit}.elementor-widget-heading .elementor-heading-title.elementor-size-small{font-size:15px}.elementor-widget-heading .elementor-heading-title.elementor-size-medium{font-size:19px}.elementor-widget-heading .elementor-heading-title.elementor-size-large{font-size:29px}.elementor-widget-heading .elementor-heading-title.elementor-size-xl{font-size:39px}.elementor-widget-heading .elementor-heading-title.elementor-size-xxl{font-size:59px}<\/style><h2 class=\"elementor-heading-title elementor-size-default\">Creativity\n<\/h2>\t\t<\/div>\n\t\t\t\t<\/div>\n\t\t\t\t\t<\/div>\n\t\t<\/div>\n\t\t\t\t\t\t\t<\/div>\n\t\t<\/section>\n\t\t\t\t<section class=\"elementor-section elementor-top-section elementor-element elementor-element-0026d8a elementor-section-boxed elementor-section-height-default elementor-section-height-default\" data-id=\"0026d8a\" data-element_type=\"section\" data-settings=\"{&quot;jet_parallax_layout_list&quot;:[]}\">\n\t\t\t\t\t\t<div class=\"elementor-container elementor-column-gap-default\">\n\t\t\t\t\t<div class=\"elementor-column elementor-col-100 elementor-top-column elementor-element elementor-element-8edefc8\" data-id=\"8edefc8\" data-element_type=\"column\">\n\t\t\t<div class=\"elementor-widget-wrap elementor-element-populated\">\n\t\t\t\t\t\t\t\t<div class=\"elementor-element elementor-element-c4b20ba elementor-widget elementor-widget-text-editor\" data-id=\"c4b20ba\" data-element_type=\"widget\" data-widget_type=\"text-editor.default\">\n\t\t\t\t<div class=\"elementor-widget-container\">\n\t\t\t\t\t\t\t<p>We believe that <b>creativity<\/b> must always respond to strategy.<\/p><p>We look for <b>effective ideas <\/b>that help brands achieve their goals. Through <b>graphic and audiovisual content, <\/b>we differentiate your communication from others.<\/p>\t\t\t\t\t\t<\/div>\n\t\t\t\t<\/div>\n\t\t\t\t<div class=\"elementor-element elementor-element-ca3469d elementor-widget elementor-widget-text-editor\" data-id=\"ca3469d\" data-element_type=\"widget\" data-widget_type=\"text-editor.default\">\n\t\t\t\t<div class=\"elementor-widget-container\">\n\t\t\t\t\t\t\t<ul><li>Campaign conceptualization<\/li><li>Graphic design<\/li><li>Audiovisual production<\/li><li>Branding<\/li><\/ul>\t\t\t\t\t\t<\/div>\n\t\t\t\t<\/div>\n\t\t\t\t\t<\/div>\n\t\t<\/div>\n\t\t\t\t\t\t\t<\/div>\n\t\t<\/section>\n\t\t\t\t\t\t\t<\/div>","protected":false},"excerpt":{"rendered":"<p>Creatividad Creemos en que la creatividad siempre debe responder a la estrategia. Buscamos ideas efectivas que ayuden a las marcas a conseguir sus objetivos. A trav\u00e9s del contenido gr\u00e1fico y audiovisual logramos diferenciar su comunicaci\u00f3n de los dem\u00e1s. Conceptualizaci\u00f3n de campa\u00f1as Dise\u00f1o gr\u00e1fico Producci\u00f3n audiovisual Branding<\/p>","protected":false},"author":4,"featured_media":0,"parent":0,"menu_order":0,"comment_status":"closed","ping_status":"closed","template":"","meta":{"footnotes":""},"class_list":["post-12931","page","type-page","status-publish","hentry"],"yoast_head":"<!-- This site is optimized with the Yoast SEO plugin v24.7 - https:\/\/yoast.com\/wordpress\/plugins\/seo\/ -->\n<title>Creatividad - CCK | Comunicaci\u00f3n Corporativa Ketchum<\/title>\n<meta name=\"robots\" content=\"index, follow, max-snippet:-1, max-image-preview:large, max-video-preview:-1\" \/>\n<link rel=\"canonical\" href=\"https:\/\/cckcentroamerica.com\/en\/creatividad\/\" \/>\n<meta property=\"og:locale\" content=\"en_US\" \/>\n<meta property=\"og:type\" content=\"article\" \/>\n<meta property=\"og:title\" content=\"Creatividad - CCK | Comunicaci\u00f3n Corporativa Ketchum\" \/>\n<meta property=\"og:description\" content=\"Creatividad Creemos en que la creatividad siempre debe responder a la estrategia. Buscamos ideas efectivas que ayuden a las marcas a conseguir sus objetivos. A trav\u00e9s del contenido gr\u00e1fico y audiovisual logramos diferenciar su comunicaci\u00f3n de los dem\u00e1s. Conceptualizaci\u00f3n de campa\u00f1as Dise\u00f1o gr\u00e1fico Producci\u00f3n audiovisual Branding\" \/>\n<meta property=\"og:url\" content=\"https:\/\/cckcentroamerica.com\/en\/creatividad\/\" \/>\n<meta property=\"og:site_name\" content=\"CCK | Comunicaci\u00f3n Corporativa Ketchum\" \/>\n<meta property=\"article:modified_time\" content=\"2023-11-10T21:33:43+00:00\" \/>\n<meta name=\"twitter:card\" content=\"summary_large_image\" \/>\n<script type=\"application\/ld+json\" class=\"yoast-schema-graph\">{\"@context\":\"https:\/\/schema.org\",\"@graph\":[{\"@type\":\"WebPage\",\"@id\":\"https:\/\/cckcentroamerica.com\/creatividad\/\",\"url\":\"https:\/\/cckcentroamerica.com\/creatividad\/\",\"name\":\"Creatividad - CCK | Comunicaci\u00f3n Corporativa Ketchum\",\"isPartOf\":{\"@id\":\"https:\/\/cckcentroamerica.com\/en\/#website\"},\"datePublished\":\"2023-08-18T01:23:59+00:00\",\"dateModified\":\"2023-11-10T21:33:43+00:00\",\"breadcrumb\":{\"@id\":\"https:\/\/cckcentroamerica.com\/creatividad\/#breadcrumb\"},\"inLanguage\":\"en-US\",\"potentialAction\":[{\"@type\":\"ReadAction\",\"target\":[\"https:\/\/cckcentroamerica.com\/creatividad\/\"]}]},{\"@type\":\"BreadcrumbList\",\"@id\":\"https:\/\/cckcentroamerica.com\/creatividad\/#breadcrumb\",\"itemListElement\":[{\"@type\":\"ListItem\",\"position\":1,\"name\":\"Home\",\"item\":\"https:\/\/cckcentroamerica.com\/\"},{\"@type\":\"ListItem\",\"position\":2,\"name\":\"Creatividad\"}]},{\"@type\":\"WebSite\",\"@id\":\"https:\/\/cckcentroamerica.com\/en\/#website\",\"url\":\"https:\/\/cckcentroamerica.com\/en\/\",\"name\":\"CCK | Comunicaci\u00f3n Corporativa Ketchum\",\"description\":\"Agencia de comunicaci\u00f3n y relaciones publicas Centroam\u00e9rica\",\"potentialAction\":[{\"@type\":\"SearchAction\",\"target\":{\"@type\":\"EntryPoint\",\"urlTemplate\":\"https:\/\/cckcentroamerica.com\/en\/?s={search_term_string}\"},\"query-input\":{\"@type\":\"PropertyValueSpecification\",\"valueRequired\":true,\"valueName\":\"search_term_string\"}}],\"inLanguage\":\"en-US\"}]}<\/script>\n<!-- \/ Yoast SEO plugin. -->","yoast_head_json":{"title":"Creatividad - CCK | Comunicaci\u00f3n Corporativa Ketchum","robots":{"index":"index","follow":"follow","max-snippet":"max-snippet:-1","max-image-preview":"max-image-preview:large","max-video-preview":"max-video-preview:-1"},"canonical":"https:\/\/cckcentroamerica.com\/en\/creatividad\/","og_locale":"en_US","og_type":"article","og_title":"Creatividad - CCK | Comunicaci\u00f3n Corporativa Ketchum","og_description":"Creatividad Creemos en que la creatividad siempre debe responder a la estrategia. Buscamos ideas efectivas que ayuden a las marcas a conseguir sus objetivos. A trav\u00e9s del contenido gr\u00e1fico y audiovisual logramos diferenciar su comunicaci\u00f3n de los dem\u00e1s. Conceptualizaci\u00f3n de campa\u00f1as Dise\u00f1o gr\u00e1fico Producci\u00f3n audiovisual Branding","og_url":"https:\/\/cckcentroamerica.com\/en\/creatividad\/","og_site_name":"CCK | Comunicaci\u00f3n Corporativa Ketchum","article_modified_time":"2023-11-10T21:33:43+00:00","twitter_card":"summary_large_image","schema":{"@context":"https:\/\/schema.org","@graph":[{"@type":"WebPage","@id":"https:\/\/cckcentroamerica.com\/creatividad\/","url":"https:\/\/cckcentroamerica.com\/creatividad\/","name":"Creatividad - CCK | Comunicaci\u00f3n Corporativa Ketchum","isPartOf":{"@id":"https:\/\/cckcentroamerica.com\/en\/#website"},"datePublished":"2023-08-18T01:23:59+00:00","dateModified":"2023-11-10T21:33:43+00:00","breadcrumb":{"@id":"https:\/\/cckcentroamerica.com\/creatividad\/#breadcrumb"},"inLanguage":"en-US","potentialAction":[{"@type":"ReadAction","target":["https:\/\/cckcentroamerica.com\/creatividad\/"]}]},{"@type":"BreadcrumbList","@id":"https:\/\/cckcentroamerica.com\/creatividad\/#breadcrumb","itemListElement":[{"@type":"ListItem","position":1,"name":"Home","item":"https:\/\/cckcentroamerica.com\/"},{"@type":"ListItem","position":2,"name":"Creatividad"}]},{"@type":"WebSite","@id":"https:\/\/cckcentroamerica.com\/en\/#website","url":"https:\/\/cckcentroamerica.com\/en\/","name":"CCK | Comunicaci\u00f3n Corporativa Ketchum","description":"Agencia de comunicaci\u00f3n y relaciones publicas Centroam\u00e9rica","potentialAction":[{"@type":"SearchAction","target":{"@type":"EntryPoint","urlTemplate":"https:\/\/cckcentroamerica.com\/en\/?s={search_term_string}"},"query-input":{"@type":"PropertyValueSpecification","valueRequired":true,"valueName":"search_term_string"}}],"inLanguage":"en-US"}]}},"_links":{"self":[{"href":"https:\/\/cckcentroamerica.com\/en\/wp-json\/wp\/v2\/pages\/12931","targetHints":{"allow":["GET"]}}],"collection":[{"href":"https:\/\/cckcentroamerica.com\/en\/wp-json\/wp\/v2\/pages"}],"about":[{"href":"https:\/\/cckcentroamerica.com\/en\/wp-json\/wp\/v2\/types\/page"}],"author":[{"embeddable":true,"href":"https:\/\/cckcentroamerica.com\/en\/wp-json\/wp\/v2\/users\/4"}],"replies":[{"embeddable":true,"href":"https:\/\/cckcentroamerica.com\/en\/wp-json\/wp\/v2\/comments?post=12931"}],"version-history":[{"count":0,"href":"https:\/\/cckcentroamerica.com\/en\/wp-json\/wp\/v2\/pages\/12931\/revisions"}],"wp:attachment":[{"href":"https:\/\/cckcentroamerica.com\/en\/wp-json\/wp\/v2\/media?parent=12931"}],"curies":[{"name":"wp","href":"https:\/\/api.w.org\/{rel}","templated":true}]}}