{"id":14900,"date":"2023-11-08T17:28:04","date_gmt":"2023-11-08T17:28:04","guid":{"rendered":"https:\/\/cckcentroamerica.com\/?page_id=14900"},"modified":"2023-11-08T18:34:24","modified_gmt":"2023-11-08T18:34:24","slug":"entrenamientos-y-capacitacion","status":"publish","type":"page","link":"http:\/\/cckcentroamerica.com\/en\/entrenamientos-y-capacitacion\/","title":{"rendered":"Training and education"},"content":{"rendered":"<div data-elementor-type=\"wp-page\" data-elementor-id=\"14900\" class=\"elementor elementor-14900\" data-elementor-post-type=\"page\">\n\t\t\t\t\t\t\t\t\t<section class=\"elementor-section elementor-top-section elementor-element elementor-element-8240746 elementor-section-height-min-height elementor-section-boxed elementor-section-height-default elementor-section-items-middle\" data-id=\"8240746\" data-element_type=\"section\" data-settings=\"{&quot;jet_parallax_layout_list&quot;:[],&quot;background_background&quot;:&quot;classic&quot;}\">\n\t\t\t\t\t\t<div class=\"elementor-container elementor-column-gap-no\">\n\t\t\t\t\t<div class=\"elementor-column elementor-col-100 elementor-top-column elementor-element elementor-element-e4d242b\" data-id=\"e4d242b\" data-element_type=\"column\">\n\t\t\t<div class=\"elementor-widget-wrap elementor-element-populated\">\n\t\t\t\t\t\t\t\t<div class=\"elementor-element elementor-element-a776618 elementor-widget elementor-widget-text-editor\" data-id=\"a776618\" data-element_type=\"widget\" data-widget_type=\"text-editor.default\">\n\t\t\t\t<div class=\"elementor-widget-container\">\n\t\t\t<style>\/*! elementor - v3.18.0 - 20-12-2023 *\/\n.elementor-widget-text-editor.elementor-drop-cap-view-stacked .elementor-drop-cap{background-color:#69727d;color:#fff}.elementor-widget-text-editor.elementor-drop-cap-view-framed .elementor-drop-cap{color:#69727d;border:3px solid;background-color:transparent}.elementor-widget-text-editor:not(.elementor-drop-cap-view-default) .elementor-drop-cap{margin-top:8px}.elementor-widget-text-editor:not(.elementor-drop-cap-view-default) .elementor-drop-cap-letter{width:1em;height:1em}.elementor-widget-text-editor .elementor-drop-cap{float:left;text-align:center;line-height:1;font-size:50px}.elementor-widget-text-editor .elementor-drop-cap-letter{display:inline-block}<\/style>\t\t\t\t\t\t\t\t\t\t<\/div>\n\t\t\t\t<\/div>\n\t\t\t\t<div class=\"elementor-element elementor-element-b214b3e elementor-widget elementor-widget-heading\" data-id=\"b214b3e\" data-element_type=\"widget\" data-widget_type=\"heading.default\">\n\t\t\t\t<div class=\"elementor-widget-container\">\n\t\t\t<style>\/*! elementor - v3.18.0 - 20-12-2023 *\/\n.elementor-heading-title{padding:0;margin:0;line-height:1}.elementor-widget-heading .elementor-heading-title[class*=elementor-size-]>a{color:inherit;font-size:inherit;line-height:inherit}.elementor-widget-heading .elementor-heading-title.elementor-size-small{font-size:15px}.elementor-widget-heading .elementor-heading-title.elementor-size-medium{font-size:19px}.elementor-widget-heading .elementor-heading-title.elementor-size-large{font-size:29px}.elementor-widget-heading .elementor-heading-title.elementor-size-xl{font-size:39px}.elementor-widget-heading .elementor-heading-title.elementor-size-xxl{font-size:59px}<\/style><h2 class=\"elementor-heading-title elementor-size-default\">Training and education\n<\/h2>\t\t<\/div>\n\t\t\t\t<\/div>\n\t\t\t\t\t<\/div>\n\t\t<\/div>\n\t\t\t\t\t\t\t<\/div>\n\t\t<\/section>\n\t\t\t\t<section class=\"elementor-section elementor-top-section elementor-element elementor-element-60bfa55 elementor-section-boxed elementor-section-height-default elementor-section-height-default\" data-id=\"60bfa55\" data-element_type=\"section\" data-settings=\"{&quot;jet_parallax_layout_list&quot;:[]}\">\n\t\t\t\t\t\t<div class=\"elementor-container elementor-column-gap-default\">\n\t\t\t\t\t<div class=\"elementor-column elementor-col-100 elementor-top-column elementor-element elementor-element-e25dc52\" data-id=\"e25dc52\" data-element_type=\"column\">\n\t\t\t<div class=\"elementor-widget-wrap elementor-element-populated\">\n\t\t\t\t\t\t\t\t<div class=\"elementor-element elementor-element-fb8ef9b elementor-widget elementor-widget-text-editor\" data-id=\"fb8ef9b\" data-element_type=\"widget\" data-widget_type=\"text-editor.default\">\n\t\t\t\t<div class=\"elementor-widget-container\">\n\t\t\t\t\t\t\t<p>Whether in times of <b>crisis<\/b> or effectively taking advantage of <b>public exposure,<\/b>your team must know how to effectevely <b>position the messages <\/b>of your company's or organization<\/p>\t\t\t\t\t\t<\/div>\n\t\t\t\t<\/div>\n\t\t\t\t<div class=\"elementor-element elementor-element-86f542a elementor-widget elementor-widget-text-editor\" data-id=\"86f542a\" data-element_type=\"widget\" data-widget_type=\"text-editor.default\">\n\t\t\t\t<div class=\"elementor-widget-container\">\n\t\t\t\t\t\t\t<p>Our workshops are designed <b>from theory to practice to enhance your team's <\/b>communication skills<\/p>\t\t\t\t\t\t<\/div>\n\t\t\t\t<\/div>\n\t\t\t\t<div class=\"elementor-element elementor-element-154455b elementor-widget elementor-widget-text-editor\" data-id=\"154455b\" data-element_type=\"widget\" data-widget_type=\"text-editor.default\">\n\t\t\t\t<div class=\"elementor-widget-container\">\n\t\t\t\t\t\t\t<ul><li>Spokesperson training (Media Training)<\/li><li>Crisis simulation<\/li><li>Communication skills development<\/li><li>LinkedIn workshop for leaders<\/li><li>E-learning (visit <a href=\"https:\/\/cckampus.com\/\" target=\"_blank\" rel=\"noopener\">CCKampus<\/a>) <\/li><\/ul>\t\t\t\t\t\t<\/div>\n\t\t\t\t<\/div>\n\t\t\t\t\t<\/div>\n\t\t<\/div>\n\t\t\t\t\t\t\t<\/div>\n\t\t<\/section>\n\t\t\t\t\t\t\t<\/div>","protected":false},"excerpt":{"rendered":"<p>Entrenamientos y capacitaci\u00f3n Ya sea en momentos de crisis o aprovechando de manera efectiva los espacios de exposici\u00f3n p\u00fablica, su equipo de trabajo debe saber c\u00f3mo posicionar los mensajes de la empresa u organizaci\u00f3n de manera efectiva. Nuestros talleres est\u00e1n dise\u00f1ados desde la teor\u00eda hacia la pr\u00e1ctica para potenciar las habilidades de comunicaci\u00f3n de su [&hellip;]<\/p>","protected":false},"author":4,"featured_media":0,"parent":0,"menu_order":0,"comment_status":"closed","ping_status":"closed","template":"","meta":{"footnotes":""},"class_list":["post-14900","page","type-page","status-publish","hentry"],"yoast_head":"<!-- This site is optimized with the Yoast SEO plugin v24.7 - https:\/\/yoast.com\/wordpress\/plugins\/seo\/ -->\n<title>Entrenamientos y capacitaci\u00f3n - CCK | Comunicaci\u00f3n Corporativa Ketchum<\/title>\n<meta name=\"robots\" content=\"index, follow, max-snippet:-1, max-image-preview:large, max-video-preview:-1\" \/>\n<link rel=\"canonical\" href=\"https:\/\/cckcentroamerica.com\/en\/entrenamientos-y-capacitacion\/\" \/>\n<meta property=\"og:locale\" content=\"en_US\" \/>\n<meta property=\"og:type\" content=\"article\" \/>\n<meta property=\"og:title\" content=\"Entrenamientos y capacitaci\u00f3n - CCK | Comunicaci\u00f3n Corporativa Ketchum\" \/>\n<meta property=\"og:description\" content=\"Entrenamientos y capacitaci\u00f3n Ya sea en momentos de crisis o aprovechando de manera efectiva los espacios de exposici\u00f3n p\u00fablica, su equipo de trabajo debe saber c\u00f3mo posicionar los mensajes de la empresa u organizaci\u00f3n de manera efectiva. Nuestros talleres est\u00e1n dise\u00f1ados desde la teor\u00eda hacia la pr\u00e1ctica para potenciar las habilidades de comunicaci\u00f3n de su [&hellip;]\" \/>\n<meta property=\"og:url\" content=\"https:\/\/cckcentroamerica.com\/en\/entrenamientos-y-capacitacion\/\" \/>\n<meta property=\"og:site_name\" content=\"CCK | Comunicaci\u00f3n Corporativa Ketchum\" \/>\n<meta property=\"article:modified_time\" content=\"2023-11-08T18:34:24+00:00\" \/>\n<meta name=\"twitter:card\" content=\"summary_large_image\" \/>\n<script type=\"application\/ld+json\" class=\"yoast-schema-graph\">{\"@context\":\"https:\/\/schema.org\",\"@graph\":[{\"@type\":\"WebPage\",\"@id\":\"https:\/\/cckcentroamerica.com\/entrenamientos-y-capacitacion\/\",\"url\":\"https:\/\/cckcentroamerica.com\/entrenamientos-y-capacitacion\/\",\"name\":\"Entrenamientos y capacitaci\u00f3n - CCK | Comunicaci\u00f3n Corporativa Ketchum\",\"isPartOf\":{\"@id\":\"https:\/\/cckcentroamerica.com\/en\/#website\"},\"datePublished\":\"2023-11-08T17:28:04+00:00\",\"dateModified\":\"2023-11-08T18:34:24+00:00\",\"breadcrumb\":{\"@id\":\"https:\/\/cckcentroamerica.com\/entrenamientos-y-capacitacion\/#breadcrumb\"},\"inLanguage\":\"en-US\",\"potentialAction\":[{\"@type\":\"ReadAction\",\"target\":[\"https:\/\/cckcentroamerica.com\/entrenamientos-y-capacitacion\/\"]}]},{\"@type\":\"BreadcrumbList\",\"@id\":\"https:\/\/cckcentroamerica.com\/entrenamientos-y-capacitacion\/#breadcrumb\",\"itemListElement\":[{\"@type\":\"ListItem\",\"position\":1,\"name\":\"Home\",\"item\":\"https:\/\/cckcentroamerica.com\/\"},{\"@type\":\"ListItem\",\"position\":2,\"name\":\"Entrenamientos y capacitaci\u00f3n\"}]},{\"@type\":\"WebSite\",\"@id\":\"https:\/\/cckcentroamerica.com\/en\/#website\",\"url\":\"https:\/\/cckcentroamerica.com\/en\/\",\"name\":\"CCK | Comunicaci\u00f3n Corporativa Ketchum\",\"description\":\"Agencia de comunicaci\u00f3n y relaciones publicas Centroam\u00e9rica\",\"potentialAction\":[{\"@type\":\"SearchAction\",\"target\":{\"@type\":\"EntryPoint\",\"urlTemplate\":\"https:\/\/cckcentroamerica.com\/en\/?s={search_term_string}\"},\"query-input\":{\"@type\":\"PropertyValueSpecification\",\"valueRequired\":true,\"valueName\":\"search_term_string\"}}],\"inLanguage\":\"en-US\"}]}<\/script>\n<!-- \/ Yoast SEO plugin. -->","yoast_head_json":{"title":"Entrenamientos y capacitaci\u00f3n - CCK | Comunicaci\u00f3n Corporativa Ketchum","robots":{"index":"index","follow":"follow","max-snippet":"max-snippet:-1","max-image-preview":"max-image-preview:large","max-video-preview":"max-video-preview:-1"},"canonical":"https:\/\/cckcentroamerica.com\/en\/entrenamientos-y-capacitacion\/","og_locale":"en_US","og_type":"article","og_title":"Entrenamientos y capacitaci\u00f3n - CCK | Comunicaci\u00f3n Corporativa Ketchum","og_description":"Entrenamientos y capacitaci\u00f3n Ya sea en momentos de crisis o aprovechando de manera efectiva los espacios de exposici\u00f3n p\u00fablica, su equipo de trabajo debe saber c\u00f3mo posicionar los mensajes de la empresa u organizaci\u00f3n de manera efectiva. Nuestros talleres est\u00e1n dise\u00f1ados desde la teor\u00eda hacia la pr\u00e1ctica para potenciar las habilidades de comunicaci\u00f3n de su [&hellip;]","og_url":"https:\/\/cckcentroamerica.com\/en\/entrenamientos-y-capacitacion\/","og_site_name":"CCK | Comunicaci\u00f3n Corporativa Ketchum","article_modified_time":"2023-11-08T18:34:24+00:00","twitter_card":"summary_large_image","schema":{"@context":"https:\/\/schema.org","@graph":[{"@type":"WebPage","@id":"https:\/\/cckcentroamerica.com\/entrenamientos-y-capacitacion\/","url":"https:\/\/cckcentroamerica.com\/entrenamientos-y-capacitacion\/","name":"Entrenamientos y capacitaci\u00f3n - CCK | Comunicaci\u00f3n Corporativa Ketchum","isPartOf":{"@id":"https:\/\/cckcentroamerica.com\/en\/#website"},"datePublished":"2023-11-08T17:28:04+00:00","dateModified":"2023-11-08T18:34:24+00:00","breadcrumb":{"@id":"https:\/\/cckcentroamerica.com\/entrenamientos-y-capacitacion\/#breadcrumb"},"inLanguage":"en-US","potentialAction":[{"@type":"ReadAction","target":["https:\/\/cckcentroamerica.com\/entrenamientos-y-capacitacion\/"]}]},{"@type":"BreadcrumbList","@id":"https:\/\/cckcentroamerica.com\/entrenamientos-y-capacitacion\/#breadcrumb","itemListElement":[{"@type":"ListItem","position":1,"name":"Home","item":"https:\/\/cckcentroamerica.com\/"},{"@type":"ListItem","position":2,"name":"Entrenamientos y capacitaci\u00f3n"}]},{"@type":"WebSite","@id":"https:\/\/cckcentroamerica.com\/en\/#website","url":"https:\/\/cckcentroamerica.com\/en\/","name":"CCK | Comunicaci\u00f3n Corporativa Ketchum","description":"Agencia de comunicaci\u00f3n y relaciones publicas Centroam\u00e9rica","potentialAction":[{"@type":"SearchAction","target":{"@type":"EntryPoint","urlTemplate":"https:\/\/cckcentroamerica.com\/en\/?s={search_term_string}"},"query-input":{"@type":"PropertyValueSpecification","valueRequired":true,"valueName":"search_term_string"}}],"inLanguage":"en-US"}]}},"_links":{"self":[{"href":"http:\/\/cckcentroamerica.com\/en\/wp-json\/wp\/v2\/pages\/14900","targetHints":{"allow":["GET"]}}],"collection":[{"href":"http:\/\/cckcentroamerica.com\/en\/wp-json\/wp\/v2\/pages"}],"about":[{"href":"http:\/\/cckcentroamerica.com\/en\/wp-json\/wp\/v2\/types\/page"}],"author":[{"embeddable":true,"href":"http:\/\/cckcentroamerica.com\/en\/wp-json\/wp\/v2\/users\/4"}],"replies":[{"embeddable":true,"href":"http:\/\/cckcentroamerica.com\/en\/wp-json\/wp\/v2\/comments?post=14900"}],"version-history":[{"count":0,"href":"http:\/\/cckcentroamerica.com\/en\/wp-json\/wp\/v2\/pages\/14900\/revisions"}],"wp:attachment":[{"href":"http:\/\/cckcentroamerica.com\/en\/wp-json\/wp\/v2\/media?parent=14900"}],"curies":[{"name":"wp","href":"https:\/\/api.w.org\/{rel}","templated":true}]}}