{"id":12933,"date":"2023-08-18T01:24:11","date_gmt":"2023-08-18T01:24:11","guid":{"rendered":"https:\/\/cckcentroamerica.com\/?page_id=12933"},"modified":"2025-05-12T20:05:17","modified_gmt":"2025-05-12T20:05:17","slug":"digital","status":"publish","type":"page","link":"http:\/\/cckcentroamerica.com\/en\/digital\/","title":{"rendered":"Digital"},"content":{"rendered":"<div data-elementor-type=\"wp-page\" data-elementor-id=\"12933\" class=\"elementor elementor-12933\" data-elementor-post-type=\"page\">\n\t\t\t\t\t\t\t\t\t<section class=\"elementor-section elementor-top-section elementor-element elementor-element-8240746 elementor-section-height-min-height elementor-section-boxed elementor-section-height-default elementor-section-items-middle\" data-id=\"8240746\" data-element_type=\"section\" data-settings=\"{&quot;jet_parallax_layout_list&quot;:[],&quot;background_background&quot;:&quot;classic&quot;}\">\n\t\t\t\t\t\t<div class=\"elementor-container elementor-column-gap-no\">\n\t\t\t\t\t<div class=\"elementor-column elementor-col-100 elementor-top-column elementor-element elementor-element-e4d242b\" data-id=\"e4d242b\" data-element_type=\"column\">\n\t\t\t<div class=\"elementor-widget-wrap elementor-element-populated\">\n\t\t\t\t\t\t\t\t<div class=\"elementor-element elementor-element-a776618 elementor-widget elementor-widget-text-editor\" data-id=\"a776618\" data-element_type=\"widget\" data-widget_type=\"text-editor.default\">\n\t\t\t\t<div class=\"elementor-widget-container\">\n\t\t\t<style>\/*! elementor - v3.18.0 - 20-12-2023 *\/\n.elementor-widget-text-editor.elementor-drop-cap-view-stacked .elementor-drop-cap{background-color:#69727d;color:#fff}.elementor-widget-text-editor.elementor-drop-cap-view-framed .elementor-drop-cap{color:#69727d;border:3px solid;background-color:transparent}.elementor-widget-text-editor:not(.elementor-drop-cap-view-default) .elementor-drop-cap{margin-top:8px}.elementor-widget-text-editor:not(.elementor-drop-cap-view-default) .elementor-drop-cap-letter{width:1em;height:1em}.elementor-widget-text-editor .elementor-drop-cap{float:left;text-align:center;line-height:1;font-size:50px}.elementor-widget-text-editor .elementor-drop-cap-letter{display:inline-block}<\/style>\t\t\t\t\t\t\t\t\t\t<\/div>\n\t\t\t\t<\/div>\n\t\t\t\t<div class=\"elementor-element elementor-element-b214b3e elementor-widget elementor-widget-heading\" data-id=\"b214b3e\" data-element_type=\"widget\" data-widget_type=\"heading.default\">\n\t\t\t\t<div class=\"elementor-widget-container\">\n\t\t\t<style>\/*! elementor - v3.18.0 - 20-12-2023 *\/\n.elementor-heading-title{padding:0;margin:0;line-height:1}.elementor-widget-heading .elementor-heading-title[class*=elementor-size-]>a{color:inherit;font-size:inherit;line-height:inherit}.elementor-widget-heading .elementor-heading-title.elementor-size-small{font-size:15px}.elementor-widget-heading .elementor-heading-title.elementor-size-medium{font-size:19px}.elementor-widget-heading .elementor-heading-title.elementor-size-large{font-size:29px}.elementor-widget-heading .elementor-heading-title.elementor-size-xl{font-size:39px}.elementor-widget-heading .elementor-heading-title.elementor-size-xxl{font-size:59px}<\/style><h2 class=\"elementor-heading-title elementor-size-default\">DIGITAL<\/h2>\t\t<\/div>\n\t\t\t\t<\/div>\n\t\t\t\t\t<\/div>\n\t\t<\/div>\n\t\t\t\t\t\t\t<\/div>\n\t\t<\/section>\n\t\t\t\t<section class=\"elementor-section elementor-top-section elementor-element elementor-element-60bfa55 elementor-section-boxed elementor-section-height-default elementor-section-height-default\" data-id=\"60bfa55\" data-element_type=\"section\" data-settings=\"{&quot;jet_parallax_layout_list&quot;:[]}\">\n\t\t\t\t\t\t<div class=\"elementor-container elementor-column-gap-default\">\n\t\t\t\t\t<div class=\"elementor-column elementor-col-100 elementor-top-column elementor-element elementor-element-e25dc52\" data-id=\"e25dc52\" data-element_type=\"column\">\n\t\t\t<div class=\"elementor-widget-wrap elementor-element-populated\">\n\t\t\t\t\t\t\t\t<div class=\"elementor-element elementor-element-843df87 elementor-widget elementor-widget-text-editor\" data-id=\"843df87\" data-element_type=\"widget\" data-widget_type=\"text-editor.default\">\n\t\t\t\t<div class=\"elementor-widget-container\">\n\t\t\t\t\t\t\t<p>To ensure that your communication strategy or campaign is implemented <b>effectively and intelligently<\/b> requires technical and specialized knowledge in all <b>digital communication platforms. <\/b><\/p><p><span data-olk-copy-source=\"MessageBody\">Somos Google Certificated, Meta Certificated, Metricool Certificated Agency and Google Mediam Group Partner.<\/span><\/p><p>Metricool Certificated Agency, and Google Mediam Group Partner.<\/p>\t\t\t\t\t\t<\/div>\n\t\t\t\t<\/div>\n\t\t\t\t<div class=\"elementor-element elementor-element-8f5cdc5 elementor-widget elementor-widget-text-editor\" data-id=\"8f5cdc5\" data-element_type=\"widget\" data-widget_type=\"text-editor.default\">\n\t\t\t\t<div class=\"elementor-widget-container\">\n\t\t\t\t\t\t\t<ul><li>Web Development<\/li><li>SEO - Digital Positioning<\/li><li>Digital Advertising<\/li><li>E-Commerce Development<\/li><\/ul>\t\t\t\t\t\t<\/div>\n\t\t\t\t<\/div>\n\t\t\t\t\t<\/div>\n\t\t<\/div>\n\t\t\t\t\t\t\t<\/div>\n\t\t<\/section>\n\t\t\t\t\t\t\t<\/div>","protected":false},"excerpt":{"rendered":"<p>DIGITAL Para lograr que su estrategia de comunicaci\u00f3n o su campa\u00f1a se implementen de manera efectiva e inteligente se requiere de un conocimiento t\u00e9cnico y especializado en todas las plataformas de comunicaci\u00f3n digital. Somos Google Certificated, Meta Certificated, Metricool Certificated Agency and Google Mediam Group Partner. Metricool Certificated Agency, and Google Mediam Group Partner. Desarrollo [&hellip;]<\/p>","protected":false},"author":4,"featured_media":0,"parent":0,"menu_order":0,"comment_status":"closed","ping_status":"closed","template":"","meta":{"footnotes":""},"class_list":["post-12933","page","type-page","status-publish","hentry"],"yoast_head":"<!-- This site is optimized with the Yoast SEO plugin v24.7 - https:\/\/yoast.com\/wordpress\/plugins\/seo\/ -->\n<title>Digital - CCK | Comunicaci\u00f3n Corporativa Ketchum<\/title>\n<meta name=\"robots\" content=\"index, follow, max-snippet:-1, max-image-preview:large, max-video-preview:-1\" \/>\n<link rel=\"canonical\" href=\"https:\/\/cckcentroamerica.com\/en\/digital\/\" \/>\n<meta property=\"og:locale\" content=\"en_US\" \/>\n<meta property=\"og:type\" content=\"article\" \/>\n<meta property=\"og:title\" content=\"Digital - CCK | Comunicaci\u00f3n Corporativa Ketchum\" \/>\n<meta property=\"og:description\" content=\"DIGITAL Para lograr que su estrategia de comunicaci\u00f3n o su campa\u00f1a se implementen de manera efectiva e inteligente se requiere de un conocimiento t\u00e9cnico y especializado en todas las plataformas de comunicaci\u00f3n digital. Somos Google Certificated, Meta Certificated, Metricool Certificated Agency and Google Mediam Group Partner. Metricool Certificated Agency, and Google Mediam Group Partner. Desarrollo [&hellip;]\" \/>\n<meta property=\"og:url\" content=\"https:\/\/cckcentroamerica.com\/en\/digital\/\" \/>\n<meta property=\"og:site_name\" content=\"CCK | Comunicaci\u00f3n Corporativa Ketchum\" \/>\n<meta property=\"article:modified_time\" content=\"2025-05-12T20:05:17+00:00\" \/>\n<meta name=\"twitter:card\" content=\"summary_large_image\" \/>\n<meta name=\"twitter:label1\" content=\"Est. reading time\" \/>\n\t<meta name=\"twitter:data1\" content=\"1 minute\" \/>\n<script type=\"application\/ld+json\" class=\"yoast-schema-graph\">{\"@context\":\"https:\/\/schema.org\",\"@graph\":[{\"@type\":\"WebPage\",\"@id\":\"https:\/\/cckcentroamerica.com\/digital\/\",\"url\":\"https:\/\/cckcentroamerica.com\/digital\/\",\"name\":\"Digital - CCK | Comunicaci\u00f3n Corporativa Ketchum\",\"isPartOf\":{\"@id\":\"https:\/\/cckcentroamerica.com\/en\/#website\"},\"datePublished\":\"2023-08-18T01:24:11+00:00\",\"dateModified\":\"2025-05-12T20:05:17+00:00\",\"breadcrumb\":{\"@id\":\"https:\/\/cckcentroamerica.com\/digital\/#breadcrumb\"},\"inLanguage\":\"en-US\",\"potentialAction\":[{\"@type\":\"ReadAction\",\"target\":[\"https:\/\/cckcentroamerica.com\/digital\/\"]}]},{\"@type\":\"BreadcrumbList\",\"@id\":\"https:\/\/cckcentroamerica.com\/digital\/#breadcrumb\",\"itemListElement\":[{\"@type\":\"ListItem\",\"position\":1,\"name\":\"Home\",\"item\":\"https:\/\/cckcentroamerica.com\/\"},{\"@type\":\"ListItem\",\"position\":2,\"name\":\"Digital\"}]},{\"@type\":\"WebSite\",\"@id\":\"https:\/\/cckcentroamerica.com\/en\/#website\",\"url\":\"https:\/\/cckcentroamerica.com\/en\/\",\"name\":\"CCK | Comunicaci\u00f3n Corporativa Ketchum\",\"description\":\"Agencia de comunicaci\u00f3n y relaciones publicas Centroam\u00e9rica\",\"potentialAction\":[{\"@type\":\"SearchAction\",\"target\":{\"@type\":\"EntryPoint\",\"urlTemplate\":\"https:\/\/cckcentroamerica.com\/en\/?s={search_term_string}\"},\"query-input\":{\"@type\":\"PropertyValueSpecification\",\"valueRequired\":true,\"valueName\":\"search_term_string\"}}],\"inLanguage\":\"en-US\"}]}<\/script>\n<!-- \/ Yoast SEO plugin. -->","yoast_head_json":{"title":"Digital - CCK | Comunicaci\u00f3n Corporativa Ketchum","robots":{"index":"index","follow":"follow","max-snippet":"max-snippet:-1","max-image-preview":"max-image-preview:large","max-video-preview":"max-video-preview:-1"},"canonical":"https:\/\/cckcentroamerica.com\/en\/digital\/","og_locale":"en_US","og_type":"article","og_title":"Digital - CCK | Comunicaci\u00f3n Corporativa Ketchum","og_description":"DIGITAL Para lograr que su estrategia de comunicaci\u00f3n o su campa\u00f1a se implementen de manera efectiva e inteligente se requiere de un conocimiento t\u00e9cnico y especializado en todas las plataformas de comunicaci\u00f3n digital. Somos Google Certificated, Meta Certificated, Metricool Certificated Agency and Google Mediam Group Partner. Metricool Certificated Agency, and Google Mediam Group Partner. Desarrollo [&hellip;]","og_url":"https:\/\/cckcentroamerica.com\/en\/digital\/","og_site_name":"CCK | Comunicaci\u00f3n Corporativa Ketchum","article_modified_time":"2025-05-12T20:05:17+00:00","twitter_card":"summary_large_image","twitter_misc":{"Est. reading time":"1 minute"},"schema":{"@context":"https:\/\/schema.org","@graph":[{"@type":"WebPage","@id":"https:\/\/cckcentroamerica.com\/digital\/","url":"https:\/\/cckcentroamerica.com\/digital\/","name":"Digital - CCK | Comunicaci\u00f3n Corporativa Ketchum","isPartOf":{"@id":"https:\/\/cckcentroamerica.com\/en\/#website"},"datePublished":"2023-08-18T01:24:11+00:00","dateModified":"2025-05-12T20:05:17+00:00","breadcrumb":{"@id":"https:\/\/cckcentroamerica.com\/digital\/#breadcrumb"},"inLanguage":"en-US","potentialAction":[{"@type":"ReadAction","target":["https:\/\/cckcentroamerica.com\/digital\/"]}]},{"@type":"BreadcrumbList","@id":"https:\/\/cckcentroamerica.com\/digital\/#breadcrumb","itemListElement":[{"@type":"ListItem","position":1,"name":"Home","item":"https:\/\/cckcentroamerica.com\/"},{"@type":"ListItem","position":2,"name":"Digital"}]},{"@type":"WebSite","@id":"https:\/\/cckcentroamerica.com\/en\/#website","url":"https:\/\/cckcentroamerica.com\/en\/","name":"CCK | Comunicaci\u00f3n Corporativa Ketchum","description":"Agencia de comunicaci\u00f3n y relaciones publicas Centroam\u00e9rica","potentialAction":[{"@type":"SearchAction","target":{"@type":"EntryPoint","urlTemplate":"https:\/\/cckcentroamerica.com\/en\/?s={search_term_string}"},"query-input":{"@type":"PropertyValueSpecification","valueRequired":true,"valueName":"search_term_string"}}],"inLanguage":"en-US"}]}},"_links":{"self":[{"href":"http:\/\/cckcentroamerica.com\/en\/wp-json\/wp\/v2\/pages\/12933","targetHints":{"allow":["GET"]}}],"collection":[{"href":"http:\/\/cckcentroamerica.com\/en\/wp-json\/wp\/v2\/pages"}],"about":[{"href":"http:\/\/cckcentroamerica.com\/en\/wp-json\/wp\/v2\/types\/page"}],"author":[{"embeddable":true,"href":"http:\/\/cckcentroamerica.com\/en\/wp-json\/wp\/v2\/users\/4"}],"replies":[{"embeddable":true,"href":"http:\/\/cckcentroamerica.com\/en\/wp-json\/wp\/v2\/comments?post=12933"}],"version-history":[{"count":0,"href":"http:\/\/cckcentroamerica.com\/en\/wp-json\/wp\/v2\/pages\/12933\/revisions"}],"wp:attachment":[{"href":"http:\/\/cckcentroamerica.com\/en\/wp-json\/wp\/v2\/media?parent=12933"}],"curies":[{"name":"wp","href":"https:\/\/api.w.org\/{rel}","templated":true}]}}